{"id":7,"date":"2023-07-26T21:42:39","date_gmt":"2023-07-26T21:42:39","guid":{"rendered":"https:\/\/www.sportfreunde-wvv.de\/?page_id=7"},"modified":"2023-07-29T10:21:19","modified_gmt":"2023-07-29T10:21:19","slug":"vereinsgeschichte","status":"publish","type":"page","link":"https:\/\/www.sportfreunde-wvv.de\/?page_id=7","title":{"rendered":"Vereinsgeschichte"},"content":{"rendered":"\n<h4 class=\"wp-block-heading\">Betriebssportgemeinschaft Sportfreunde<\/h4>\n\n\n\n<p>Sie kennen die Betriebssportgemeinschaft Sportfreunde der W\u00fcrzburger Versorgungs- und Verkehrsbetriebe e. V. noch nicht oder waren bisher der Meinung, dass Mitglied einer Betriebssportgemeinschaft ausschlie\u00dflich nur Besch\u00e4ftigte des namensgebenden Betriebes werden kann? Nehmen Sie sich einige Minuten Zeit und informieren Sie sich.<\/p>\n\n\n\n<h4 class=\"wp-block-heading\">Kurze Geschichte des Vereins<\/h4>\n\n\n\n<p>Gegr\u00fcndet wurde unser Verein im Jahre 1957 von einer Hand voll Stra\u00dfenbahner-Kollegen, die den sportlichen, geselligen Ausgleich in kameradschaftlicher Form zum Berufsalltag suchten. Insofern k\u00f6nnen wir auf eine durchaus bewegte aber auch erfolgreiche Vergangenheit zur\u00fcck- blicken. Im Mittelpunkt steht der sportliche und gesellige Ausgleich in kameradschaftlicher Form zum Berufsalltag. Diesen Leitsatz ist der Auftrag f\u00fcr die Vereinsverantwortlichen und \u2013mitglieder, der in all den Jahrzehnten nicht aus den Augen verloren wurde, sondern mit gro\u00dfer Kontinuit\u00e4t und gro\u00dfem Engagement weiter entwickelt wurde. Die Betriebssportgemeinschaft, welche sich bereits 1965 dem Bayerischen Landessportverband (BLSV) anschloss, hat sich nie als Konkurrenz zu den sonstigen Sportvereinen gesehen. Mittlerweile sind die Sportfreunde WVV schon lange den Kinderschuhen einer kleinen Betriebssportgemeinschaft entwachsen. Mit \u00fcber 900 Mitgliedern darf man sich in der Tat zu den gro\u00dfen Vereinen W\u00fcrzburgs z\u00e4hlen.<\/p>\n\n\n\n<p>Zun\u00e4chst einige Gedanken zum Betriebssport<\/p>\n\n\n\n<p>Betriebssport ist Breitensport und Freizeitsport. Im Vordergrund steht sportliche Bet\u00e4tigung und k\u00f6rperlichen Fitness in Verbindung mit Spa\u00df an der Bewegung und am Spiel. Dabei gibt es ein vereinfachtes Regelwerk ohne feste Bindung in Mannschaften. Betriebssport bietet einen Ausgleich zu den Belastungen des Alltags und ist nicht gepr\u00e4gt von sportlicher H\u00f6chstleistung, sondern vom sportlichen und gesellschaftlichen Miteinander. Der Betriebssportverein sieht sich nicht als Konkurrent zu den sonstigen Sportvereinen. Gleichwohl m\u00f6chte er sich jedoch als gleichberechtigter Partner verstanden wissen. Mitglied einer Betriebssportgemeinschaft kann &#8211; zumindest bei uns &#8211; grunds\u00e4tzlich jeder werden, der sich dem Gedanken des Betriebssports und seiner Organisationen verbunden f\u00fchlt. Sport soll Lust und Laune machen und nicht ausschlie\u00dflich Wettkampf und Leistungsmessen sein. Betriebssportgemeinschaften und Betriebssportvereine werden wieder st\u00e4rkere Bedeutung gewinnen.<\/p>\n\n\n\n<h4 class=\"wp-block-heading\">Wissenswertes<\/h4>\n\n\n\n<p>Aktive und passive Vereinsmitglieder finden umfassend Gelegenheit, sich am geselligen und sportlichen Angebot der Sportfreunde WVV zu beteiligen. Elf Sportsparten stehen den Mitgliedern zur Auswahl. Erg\u00e4nzt und abgerundet wird das sportliche Programm durch weitere wiederkehrende oder zeitlich befristete Aktionen, wie z.B. Skigymnastik, Wirbels\u00e4ulengymnastik und \u00e4hnlichem. Eine Jugendbetreuerin, welche sich mit verschiedenen, speziell auf die Belange der Kinder abgestimmten Aktionen um den Vereinsnachwuchs k\u00fcmmert, ist ebenso selbstverst\u00e4ndlich wie ein Senioren-Team, welches den Kontakt zu den \u00e4lteren Vereinsmitgliedern h\u00e4lt. Dieses &#8222;Drei-S\u00e4ulen-Modell&#8220;, wie es der 1. Vorsitzende Michael Lagocki betitelt, ist f\u00fcr den Verein als auch f\u00fcr dessen Mitglieder au\u00dferordentlich wichtig. Diese drei S\u00e4ulen werden symbolisch dargestellt von den Kindern und Jugendlichen, den aktiven und passiven Senioren. Ein Blick in die Bestandserhebungen macht deutlich, dass die Betriebssportgemeinschaft auch im Bereich der Kinder- und Jugendjahrg\u00e4nge durchaus einem Vergleich mit den anderen Sportvereinen standh\u00e4lt. Nat\u00fcrlich k\u00f6nnen die WVV-Sportler auch auf sportliche Erfolge zur\u00fcckblicken. Sie sind zweifacher Stadtmeister und Unterfrankenmeister im Firmenfu\u00dfball, sie erreichten die zweite Tischtennis-Bezirksliga und waren ebenso mehrfacher Sieger in der Tischtennis-Firmenrunde, konnten sich erfolgreich bei den Stadtmeisterschaften und St\u00e4dteturnieren im Kegeln platzieren. Erg\u00e4nzt wurden diese Erfolge durch eine Vielzahl von Erstplatzierungen bei Veranstaltungen und Turnieren der unterschiedlichsten Vereine und Verb\u00e4nde. Im Bereich des Amateurboxens konnten mit einer Vielzahl von Meister- und Vizemeistertiteln bis hin zum Drittplatzierten bei der Deutschen Meisterschaft im Superschwergewicht die meisten sportlichen Titel durch die aktiven Sportler der Betriebssportgemeinschaft &#8222;erk\u00e4mpft&#8220; werden. 1995 und 1996 wurde der seinerzeitig aktive Sportfreund Frank Schneider f\u00fcr seine besonderen Leistungen auf dem Gebiet des Sports mit der silbernen bzw. der bronzenen Ehrenplakette der Stadt W\u00fcrzburg ausgezeichnet. 2005 erh\u00e4lt die bronzene Ehrenplakette der Stadt W\u00fcrzburg unsere aktive Sportfreundin Johanna G\u00f6ckel.<\/p>\n\n\n\n<p><\/p>\n\n\n\n<p><\/p>\n","protected":false},"excerpt":{"rendered":"<p>Betriebssportgemeinschaft Sportfreunde Sie kennen die Betriebssportgemeinschaft Sportfreunde der W\u00fcrzburger Versorgungs- und Verkehrsbetriebe e. V. noch nicht oder waren bisher der Meinung, dass Mitglied einer Betriebssportgemeinschaft ausschlie\u00dflich nur Besch\u00e4ftigte des namensgebenden Betriebes werden kann? Nehmen Sie sich einige Minuten Zeit und informieren Sie sich. Kurze Geschichte des Vereins Gegr\u00fcndet wurde unser Verein im Jahre 1957 von&hellip; <a class=\"more-link\" href=\"https:\/\/www.sportfreunde-wvv.de\/?page_id=7\"><span class=\"screen-reader-text\">Vereinsgeschichte<\/span> weiterlesen<\/a><\/p>\n","protected":false},"author":2,"featured_media":0,"parent":0,"menu_order":0,"comment_status":"closed","ping_status":"closed","template":"","meta":{"footnotes":""},"class_list":["post-7","page","type-page","status-publish","hentry","entry"],"_links":{"self":[{"href":"https:\/\/www.sportfreunde-wvv.de\/index.php?rest_route=\/wp\/v2\/pages\/7","targetHints":{"allow":["GET"]}}],"collection":[{"href":"https:\/\/www.sportfreunde-wvv.de\/index.php?rest_route=\/wp\/v2\/pages"}],"about":[{"href":"https:\/\/www.sportfreunde-wvv.de\/index.php?rest_route=\/wp\/v2\/types\/page"}],"author":[{"embeddable":true,"href":"https:\/\/www.sportfreunde-wvv.de\/index.php?rest_route=\/wp\/v2\/users\/2"}],"replies":[{"embeddable":true,"href":"https:\/\/www.sportfreunde-wvv.de\/index.php?rest_route=%2Fwp%2Fv2%2Fcomments&post=7"}],"version-history":[{"count":4,"href":"https:\/\/www.sportfreunde-wvv.de\/index.php?rest_route=\/wp\/v2\/pages\/7\/revisions"}],"predecessor-version":[{"id":160,"href":"https:\/\/www.sportfreunde-wvv.de\/index.php?rest_route=\/wp\/v2\/pages\/7\/revisions\/160"}],"wp:attachment":[{"href":"https:\/\/www.sportfreunde-wvv.de\/index.php?rest_route=%2Fwp%2Fv2%2Fmedia&parent=7"}],"curies":[{"name":"wp","href":"https:\/\/api.w.org\/{rel}","templated":true}]}}