{"id":57,"date":"2023-07-26T21:43:32","date_gmt":"2023-07-26T21:43:32","guid":{"rendered":"https:\/\/www.sportfreunde-wvv.de\/?page_id=57"},"modified":"2026-03-25T09:02:21","modified_gmt":"2026-03-25T09:02:21","slug":"mitglied-werden","status":"publish","type":"page","link":"https:\/\/www.sportfreunde-wvv.de\/?page_id=57","title":{"rendered":"Mitglied werden?"},"content":{"rendered":"\n<p>Du m\u00f6chtest also Mitglied in unserem gro\u00dfartigen Sportverein werden? Das ist super! Wir freuen uns immer \u00fcber neue begeisterte Sportler in unserer Gemeinschaft. <\/p>\n\n\n\n<p>Bei Fragen per Email:  Sportfreunde@wvv.de<\/p>\n\n\n\n<p>Unsere Preise (j\u00e4hrlich) (ohne Gew\u00e4hr mit Stand zum 01.01.2026)<\/p>\n\n\n\n<figure class=\"wp-block-table\"><table class=\"has-fixed-layout\"><tbody><tr><td>Jugendliche unter 18 Jahre<\/td><td>25 EUR pro Jahr<\/td><\/tr><tr><td>Einzelmitgliedschaft<\/td><td>35 EUR pro Jahr<\/td><\/tr><tr><td>Rentner<\/td><td>30 EUR pro Jahr<\/td><\/tr><tr><td>Familienbeitrag<\/td><td>50 EUR pro Jahr<\/td><\/tr><\/tbody><\/table><figcaption class=\"wp-element-caption\"><br>Der Familienbeitrag umfa\u00dft die Mitgliedschaft und den Beitrag des Mitgliedes einschlie\u00dflich dessen in h\u00e4uslicher Gemeinschaft lebenden Partners und aller seiner Kinder bis zum vollendeten 18. Lebensjahr. Nach Vollendung des 18. Lebensjahres scheiden die Kinder automatisch aus der Mitgliedschaft aus<\/figcaption><\/figure>\n\n\n\n<h3 class=\"wp-block-heading\">Spartenbeitr\u00e4ge<\/h3>\n\n\n\n<figure class=\"wp-block-table\"><table class=\"has-fixed-layout\"><tbody><tr><td>f\u00fcr Boxen                                                   <\/td><td>30 EUR pro Jahr<\/td><\/tr><tr><td>f\u00fcr Aerobic<\/td><td>10 EUR pro Jahr<\/td><\/tr><tr><td>f\u00fcr Tennis<\/td><td>35 EUR pro Jahr<\/td><\/tr><tr><td>f\u00fcr Fu\u00dfball<\/td><td>13 EUR pro Jahr<\/td><\/tr><tr><td>f\u00fcr Bogenschie\u00dfen<\/td><td>10 EUR pro Jahr<\/td><\/tr><tr><td>f\u00fcr T\u00e4nzer pro Person<\/td><td>25 EUR pro Jahr<\/td><\/tr><\/tbody><\/table><\/figure>\n\n\n\n<p>Wenn du noch Fragen hast oder mehr Informationen ben\u00f6tigst, stehen wir gerne zur Verf\u00fcgung. Wir hoffen, dich bald in unserem Sportverein begr\u00fc\u00dfen zu d\u00fcrfen! Im folgenden findest du den Mitgliedsantrag. Diesen kannst du einfach ausdrucken und deinem Ansprechpartner geben:<\/p>\n\n\n\n<div data-wp-interactive=\"core\/file\" class=\"wp-block-file\"><object data-wp-bind--hidden=\"!state.hasPdfPreview\" hidden class=\"wp-block-file__embed\" data=\"https:\/\/www.sportfreunde-wvv.de\/wp-content\/uploads\/2023\/07\/mitgliedsantrag.pdf\" type=\"application\/pdf\" style=\"width:100%;height:540px\" aria-label=\"PDF-Einbettung\"><\/object><a href=\"https:\/\/www.sportfreunde-wvv.de\/wp-content\/uploads\/2023\/07\/mitgliedsantrag.pdf\" class=\"wp-block-file__button wp-element-button\" download>Herunterladen<\/a><\/div>\n","protected":false},"excerpt":{"rendered":"<p>Du m\u00f6chtest also Mitglied in unserem gro\u00dfartigen Sportverein werden? Das ist super! Wir freuen uns immer \u00fcber neue begeisterte Sportler in unserer Gemeinschaft. Bei Fragen per Email: Sportfreunde@wvv.de Unsere Preise (j\u00e4hrlich) (ohne Gew\u00e4hr mit Stand zum 01.01.2026) Jugendliche unter 18 Jahre 25 EUR pro Jahr Einzelmitgliedschaft 35 EUR pro Jahr Rentner 30 EUR pro Jahr&hellip; <a class=\"more-link\" href=\"https:\/\/www.sportfreunde-wvv.de\/?page_id=57\"><span class=\"screen-reader-text\">Mitglied werden?<\/span> weiterlesen<\/a><\/p>\n","protected":false},"author":2,"featured_media":0,"parent":0,"menu_order":0,"comment_status":"closed","ping_status":"closed","template":"","meta":{"footnotes":""},"class_list":["post-57","page","type-page","status-publish","hentry","entry"],"_links":{"self":[{"href":"https:\/\/www.sportfreunde-wvv.de\/index.php?rest_route=\/wp\/v2\/pages\/57","targetHints":{"allow":["GET"]}}],"collection":[{"href":"https:\/\/www.sportfreunde-wvv.de\/index.php?rest_route=\/wp\/v2\/pages"}],"about":[{"href":"https:\/\/www.sportfreunde-wvv.de\/index.php?rest_route=\/wp\/v2\/types\/page"}],"author":[{"embeddable":true,"href":"https:\/\/www.sportfreunde-wvv.de\/index.php?rest_route=\/wp\/v2\/users\/2"}],"replies":[{"embeddable":true,"href":"https:\/\/www.sportfreunde-wvv.de\/index.php?rest_route=%2Fwp%2Fv2%2Fcomments&post=57"}],"version-history":[{"count":10,"href":"https:\/\/www.sportfreunde-wvv.de\/index.php?rest_route=\/wp\/v2\/pages\/57\/revisions"}],"predecessor-version":[{"id":328,"href":"https:\/\/www.sportfreunde-wvv.de\/index.php?rest_route=\/wp\/v2\/pages\/57\/revisions\/328"}],"wp:attachment":[{"href":"https:\/\/www.sportfreunde-wvv.de\/index.php?rest_route=%2Fwp%2Fv2%2Fmedia&parent=57"}],"curies":[{"name":"wp","href":"https:\/\/api.w.org\/{rel}","templated":true}]}}