{"id":11,"date":"2023-07-27T11:18:02","date_gmt":"2023-07-27T11:18:02","guid":{"rendered":"https:\/\/www.sportfreunde-wvv.de\/?page_id=11"},"modified":"2026-01-24T16:03:09","modified_gmt":"2026-01-24T16:03:09","slug":"boxen","status":"publish","type":"page","link":"https:\/\/www.sportfreunde-wvv.de\/?page_id=11","title":{"rendered":"Boxen"},"content":{"rendered":"\n<div class=\"wp-block-group alignfull\" style=\"padding-top:var(--wp--preset--spacing--50);padding-right:var(--wp--preset--spacing--50);padding-bottom:var(--wp--preset--spacing--50);padding-left:var(--wp--preset--spacing--50)\"><div class=\"wp-block-group__inner-container is-layout-constrained wp-container-core-group-is-layout-f4d13f5d wp-block-group-is-layout-constrained\">\n<div class=\"wp-block-group\"><div class=\"wp-block-group__inner-container is-layout-constrained wp-container-core-group-is-layout-04692c70 wp-block-group-is-layout-constrained\">\n<h1 class=\"wp-block-heading has-text-align-center has-black-color has-text-color has-x-large-font-size\">Willkommen im Ring des Erfolgs!<\/h1>\n\n\n\n<div style=\"height:1.25rem\" aria-hidden=\"true\" class=\"wp-block-spacer\"><\/div>\n\n\n<div class=\"wp-block-image is-style-rounded wp-duotone-unset-1\">\n<figure class=\"aligncenter size-full is-resized has-custom-border\"><img loading=\"lazy\" decoding=\"async\" width=\"1024\" height=\"684\" src=\"https:\/\/www.sportfreunde-wvv.de\/wp-content\/uploads\/2024\/02\/pexels-cottonbro-studio-4761613-1024x684-1.jpg\" alt=\"\" class=\"wp-image-182\" style=\"border-radius:40px;width:618px;height:auto\" srcset=\"https:\/\/www.sportfreunde-wvv.de\/wp-content\/uploads\/2024\/02\/pexels-cottonbro-studio-4761613-1024x684-1.jpg 1024w, https:\/\/www.sportfreunde-wvv.de\/wp-content\/uploads\/2024\/02\/pexels-cottonbro-studio-4761613-1024x684-1-300x200.jpg 300w, https:\/\/www.sportfreunde-wvv.de\/wp-content\/uploads\/2024\/02\/pexels-cottonbro-studio-4761613-1024x684-1-768x513.jpg 768w\" sizes=\"auto, (max-width: 1024px) 100vw, 1024px\" \/><\/figure>\n<\/div>\n\n\n<p class=\"has-text-align-center has-black-color has-text-color\">Dein Weg zu k\u00f6rperlicher Fitness, Selbstvertrauen und sportlichem Wachstum beginnt hier!<\/p>\n\n\n\n<div style=\"height:1.25rem\" aria-hidden=\"true\" class=\"wp-block-spacer\"><\/div>\n\n\n\n<div class=\"wp-block-buttons is-content-justification-center is-layout-flex wp-container-core-buttons-is-layout-16018d1d wp-block-buttons-is-layout-flex\">\n<div class=\"wp-block-button is-style-outline is-style-outline--2\"><a class=\"wp-block-button__link has-white-color has-black-background-color has-text-color has-background has-link-color wp-element-button\">Unser Training ist f\u00fcr jeden gedacht, der eine umfassende Fitnessl\u00f6sung sucht, nicht nur f\u00fcr Boxer. Wir bieten eine Vielzahl von \u00dcbungen, die auf Kraft, Ausdauer und Flexibilit\u00e4t abzielen, um Ihnen dabei zu helfen, Ihre Fitnessziele zu erreichen.<\/a><\/div>\n<\/div>\n<\/div><\/div>\n<\/div><\/div>\n\n\n\n<div class=\"wp-block-group alignfull has-black-color has-base-2-background-color has-text-color has-background\" style=\"margin-top:0;margin-bottom:0;padding-top:var(--wp--preset--spacing--50);padding-right:var(--wp--preset--spacing--50);padding-bottom:var(--wp--preset--spacing--50);padding-left:var(--wp--preset--spacing--50)\"><div class=\"wp-block-group__inner-container is-layout-constrained wp-container-core-group-is-layout-2bafd31c wp-block-group-is-layout-constrained\">\n<div class=\"wp-block-group is-vertical is-content-justification-center is-layout-flex wp-container-core-group-is-layout-7681721f wp-block-group-is-layout-flex\">\n<h2 class=\"wp-block-heading has-text-align-center is-style-asterisk has-white-color has-text-color has-link-color wp-elements-96153be915602db2ca53e7c04da5d58c\"><\/h2>\n\n\n\n<div style=\"height:0px\" aria-hidden=\"true\" class=\"wp-block-spacer wp-container-content-4f2ccadb\"><\/div>\n\n\n\n<p class=\"has-text-align-center has-black-color has-text-color\">Tauche ein in die Welt des Boxens, wo Kraft, Geschicklichkeit und Ausdauer aufeinandertreffen. Unser Boxverein ist nicht nur ein Ort des Trainings, sondern eine leidenschaftliche Gemeinschaft, die sich der F\u00f6rderung von Fitness, Disziplin und pers\u00f6nlichem Wachstum verschrieben hat.<\/p>\n<\/div>\n\n\n\n<div style=\"margin-top:0;margin-bottom:0;height:var(--wp--preset--spacing--40)\" aria-hidden=\"true\" class=\"wp-block-spacer\"><\/div>\n\n\n\n<div class=\"wp-block-columns alignwide is-layout-flex wp-container-core-columns-is-layout-2aabe216 wp-block-columns-is-layout-flex\">\n<div class=\"wp-block-column has-black-color has-text-color has-link-color wp-elements-0d2bc6e2598c29ff6ee9b9b0156ae38f is-layout-flow wp-block-column-is-layout-flow\">\n<h3 class=\"wp-block-heading has-text-align-left is-style-asterisk has-black-color has-text-color has-link-color has-body-font-family has-medium-font-size wp-elements-ed9fff886d0b2f09317d2763f59821b5\" style=\"font-style:normal;font-weight:600\">K\u00f6rperliche Fitness verbessern<\/h3>\n\n\n\n<p class=\"has-text-align-left has-black-color has-text-color has-link-color wp-elements-bddc2bc17525c3f9b015ee39eeaa0b5e\">Erlebe ein anspruchsvolles Training, das nicht nur deine Muskeln st\u00e4rkt, sondern auch deine Ausdauer und Schnelligkeit verbessert.<\/p>\n<\/div>\n\n\n\n<div class=\"wp-block-column is-layout-flow wp-block-column-is-layout-flow\">\n<h3 class=\"wp-block-heading has-text-align-left is-style-asterisk has-black-color has-text-color has-link-color has-body-font-family has-medium-font-size wp-elements-3884d1fbd7aae2373d11d58b9209dc37\" style=\"font-style:normal;font-weight:600\">Selbstvertrauen aufbauen<\/h3>\n\n\n\n<p class=\"has-text-align-left has-black-color has-text-color has-link-color wp-elements-f61ac84feda366670a7a265578b68fe3\">Durch das Boxtraining gewinnst du nicht nur k\u00f6rperliche St\u00e4rke, sondern auch mentale Kraft. Steigere dein Selbstbewusstsein und \u00fcberwinde Herausforderungen.<\/p>\n<\/div>\n\n\n\n<div class=\"wp-block-column is-layout-flow wp-block-column-is-layout-flow\">\n<h3 class=\"wp-block-heading has-text-align-left is-style-asterisk has-black-color has-text-color has-link-color has-body-font-family has-medium-font-size wp-elements-eff600fad57108e16d520a70e3f872f3\" style=\"font-style:normal;font-weight:600\">Gemeinschaft und Teamgeist<\/h3>\n\n\n\n<p class=\"has-text-align-left has-black-color has-text-color has-link-color wp-elements-a604814948777c0a555b2544acd8820a\">Trete unserer lebendigen Box-Community bei und erlebe die Kraft der Teamunterst\u00fctzung. Gemeinsam motivieren wir uns zu H\u00f6chstleistungen.<\/p>\n<\/div>\n<\/div>\n\n\n\n<div style=\"height:var(--wp--preset--spacing--20)\" aria-hidden=\"true\" class=\"wp-block-spacer\"><\/div>\n\n\n\n<div class=\"wp-block-columns alignwide is-layout-flex wp-container-core-columns-is-layout-2aabe216 wp-block-columns-is-layout-flex\">\n<div class=\"wp-block-column is-layout-flow wp-block-column-is-layout-flow\">\n<h3 class=\"wp-block-heading has-text-align-left is-style-asterisk has-black-color has-text-color has-link-color has-body-font-family has-medium-font-size wp-elements-5411352e3b9c483a244b5c2c23c784d0\" style=\"font-style:normal;font-weight:600\">Selbstverteidigung lernen<\/h3>\n\n\n\n<p class=\"has-text-align-left has-black-color has-text-color has-link-color wp-elements-447e4405448c321870c42085842f9cd3\">Eigne dir essentielle Selbstverteidigungsf\u00e4higkeiten an und f\u00fchle dich sicherer in jeder Lebenslage.<\/p>\n<\/div>\n\n\n\n<div class=\"wp-block-column is-layout-flow wp-block-column-is-layout-flow\">\n<h3 class=\"wp-block-heading has-text-align-left is-style-asterisk has-black-color has-text-color has-link-color has-body-font-family has-medium-font-size wp-elements-8096dddc182e0206eaf17f04ebd5b417\" style=\"font-style:normal;font-weight:600\">Pers\u00f6nliches Wachstum f\u00f6rdern<\/h3>\n\n\n\n<p class=\"has-text-align-left has-black-color has-text-color has-link-color wp-elements-a8704573ad26c6e53fb372ac60d179ec\">Boxen ist mehr als nur ein Sport \u2013 es ist eine Reise des pers\u00f6nlichen Wachstums. Entdecke deine Potenziale und \u00fcberschreite Grenzen.<\/p>\n<\/div>\n\n\n\n<div class=\"wp-block-column is-layout-flow wp-block-column-is-layout-flow\">\n<h3 class=\"wp-block-heading has-text-align-left is-style-asterisk has-black-color has-text-color has-link-color has-body-font-family has-medium-font-size wp-elements-345d5a9b77763259251c3a6ad551526d\" style=\"font-style:normal;font-weight:600\">Kompetente Trainer und individuelle Betreuung<\/h3>\n\n\n\n<p class=\"has-text-align-left has-black-color has-text-color has-link-color wp-elements-0e83fbac98c0e9b627b00eb8623a6a76\">Unsere erfahrenen Trainer legen gro\u00dfen Wert auf Sicherheit, professionelle Anleitung und pers\u00f6nliche Betreuung. Egal, ob du Anf\u00e4nger oder erfahrener Boxer bist \u2013 bei uns findest du die passende Herausforderung.<\/p>\n<\/div>\n<\/div>\n<\/div><\/div>\n\n\n\n<div class=\"wp-block-group alignfull has-black-color has-base-2-background-color has-text-color has-background\" style=\"margin-top:0;margin-bottom:0;padding-top:var(--wp--preset--spacing--50);padding-right:var(--wp--preset--spacing--50);padding-bottom:var(--wp--preset--spacing--50);padding-left:var(--wp--preset--spacing--50)\"><div class=\"wp-block-group__inner-container is-layout-constrained wp-container-core-group-is-layout-2bafd31c wp-block-group-is-layout-constrained\">\n<div class=\"wp-block-group alignwide\"><div class=\"wp-block-group__inner-container is-layout-constrained wp-block-group-is-layout-constrained\">\n<div class=\"wp-block-group is-vertical is-content-justification-center is-layout-flex wp-container-core-group-is-layout-a170cc76 wp-block-group-is-layout-flex\">\n<h2 class=\"wp-block-heading has-text-align-center is-style-asterisk has-black-color has-text-color has-link-color wp-elements-b2a96171d6915b6a8c70dcedf47c4c22\">Bist du bereit, Teil unserer Boxgemeinschaft zu werden?<\/h2>\n\n\n\n<p class=\"has-text-align-center has-black-color has-text-color has-link-color wp-elements-454ca13b8661b4413a1906495eb7ec24\">Schau vorbei, lerne uns kennen und erlebe die Boxabteilung der Sportfreunde der WVV \u2013 wo Sport, Gemeinschaft und Spa\u00df Hand in Hand gehen!<\/p>\n<\/div>\n\n\n\n<div class=\"wp-block-columns alignwide is-layout-flex wp-container-core-columns-is-layout-b1b80ead wp-block-columns-is-layout-flex\">\n<div class=\"wp-block-column is-vertically-aligned-center is-layout-flow wp-block-column-is-layout-flow\" style=\"flex-basis:40%\">\n<h3 class=\"wp-block-heading is-style-asterisk has-black-color has-text-color has-link-color wp-elements-4a7aef81683caa510bdc0f32fd99ec59\"><strong>aktuelle Trainingszeiten<\/strong>:<\/h3>\n\n\n\n<p class=\"has-black-color has-text-color has-link-color wp-elements-1bb2c51d27b7a85581235cc3ac76433d\"><strong>Dienstag, 20:00 &#8211; 21:30 Uhr<\/strong><br>Erwachsene, Aktiv und Fitnessboxer<br><sub>Wichtig: In den Schulferien ist kein Training in der Schule.<\/sub><br><strong>Ort:<\/strong> Max-Dauthendey-Grundschule, Danziger Str. 12, 97072 W\u00fcrzburg (Sanderau) <a href=\"https:\/\/www.google.com\/maps\/dir\/\/49.7764727,9.9361531\/@49.7763093,9.9360646,191m\/data=!3m1!1e3!4m2!4m1!3e0?entry=ttu\">Route<\/a><\/p>\n\n\n\n<p class=\"has-black-color has-text-color has-link-color wp-elements-18027bf94baa356fdd3a5eabcc446050\"><strong>Donnerstag, 19:00 &#8211; 20:30 Uhr<\/strong><br>Jugendtraining<br><strong>Ort:<\/strong> Old School Gym W\u00fcrzburg, N\u00fcrnberger Str. 80A, 97076 W\u00fcrzburg (Lengfeld) <a href=\"https:\/\/www.google.com\/maps\/dir\/\/49.7956811,9.9747294\/@49.7957724,9.973714,382m\/data=!3m1!1e3!4m2!4m1!3e0?entry=ttu\" data-type=\"link\" data-id=\"https:\/\/www.google.com\/maps\/dir\/\/49.7956811,9.9747294\/@49.7957724,9.973714,382m\/data=!3m1!1e3!4m2!4m1!3e0?entry=ttu\">Route<\/a><\/p>\n\n\n\n<p class=\"has-black-color has-text-color has-link-color wp-elements-c4054fbddad7ddbfe3ff991aa48b6c6b\"><strong>Freitag, 18:00 &#8211; 19:00 Uhr<\/strong><br>Kindertraining (ab 4 Jahre)<br><sub>Wichtig: In den Schulferien ist kein Training in der Schule.<\/sub><br><strong>Ort:<\/strong> Max-Dauthendey-Grundschule, Danziger Str. 12, 97072 W\u00fcrzburg (Sanderau) <a href=\"https:\/\/www.google.com\/maps\/dir\/\/49.7764727,9.9361531\/@49.7763093,9.9360646,191m\/data=!3m1!1e3!4m2!4m1!3e0?entry=ttu\">Route<\/a><\/p>\n\n\n\n<p class=\"has-black-color has-text-color has-link-color wp-elements-47fe8df5f2ca1d5ffcc84f040b8aa499\"><strong>Freitag, 19:00 &#8211; 20:30 Uhr<\/strong><br>Erwachsene, Aktiv und Fitnessboxer<br><sub>Wichtig: In den Schulferien findet kein Training in der Schule statt.<\/sub><br><strong>Ort: <\/strong>Max-Dauthendey-Grundschule, Danziger Str. 12, 97072 W\u00fcrzburg (Sanderau) <a href=\"https:\/\/www.google.com\/maps\/dir\/\/49.7764727,9.9361531\/@49.7763093,9.9360646,191m\/data=!3m1!1e3!4m2!4m1!3e0?entry=ttu\" data-type=\"link\" data-id=\"https:\/\/www.google.com\/maps\/dir\/\/49.7764727,9.9361531\/@49.7763093,9.9360646,191m\/data=!3m1!1e3!4m2!4m1!3e0?entry=ttu\">Route<\/a><\/p>\n<\/div>\n\n\n\n<div class=\"wp-block-column is-layout-flow wp-block-column-is-layout-flow\" style=\"flex-basis:50%\">\n<p><\/p>\n\n\n\n<div style=\"height:49px\" aria-hidden=\"true\" class=\"wp-block-spacer\"><\/div>\n\n\n<div class=\"wp-block-image is-style-rounded wp-duotone-dark-grayscale\">\n<figure class=\"aligncenter size-full is-resized has-custom-border\"><img loading=\"lazy\" decoding=\"async\" width=\"1024\" height=\"683\" src=\"https:\/\/www.sportfreunde-wvv.de\/wp-content\/uploads\/2024\/02\/boxing-4677527_1920-1024x683-1.jpg\" alt=\"\" class=\"wp-image-180\" style=\"border-radius:40px;width:618px;height:auto\" srcset=\"https:\/\/www.sportfreunde-wvv.de\/wp-content\/uploads\/2024\/02\/boxing-4677527_1920-1024x683-1.jpg 1024w, https:\/\/www.sportfreunde-wvv.de\/wp-content\/uploads\/2024\/02\/boxing-4677527_1920-1024x683-1-300x200.jpg 300w, https:\/\/www.sportfreunde-wvv.de\/wp-content\/uploads\/2024\/02\/boxing-4677527_1920-1024x683-1-768x512.jpg 768w\" sizes=\"auto, (max-width: 1024px) 100vw, 1024px\" \/><\/figure>\n<\/div>\n\n\n<div style=\"height:49px\" aria-hidden=\"true\" class=\"wp-block-spacer\"><\/div>\n<\/div>\n<\/div>\n\n\n\n<div class=\"wp-block-group alignwide\"><div class=\"wp-block-group__inner-container is-layout-constrained wp-block-group-is-layout-constrained\">\n<div class=\"wp-block-columns alignwide are-vertically-aligned-center is-layout-flex wp-container-core-columns-is-layout-b1b80ead wp-block-columns-is-layout-flex\">\n<div class=\"wp-block-column is-vertically-aligned-center is-layout-flow wp-block-column-is-layout-flow\" style=\"flex-basis:50%\"><div class=\"wp-block-image is-style-rounded wp-duotone-unset-3\">\n<figure class=\"aligncenter size-full has-custom-border\"><img loading=\"lazy\" decoding=\"async\" width=\"1024\" height=\"683\" src=\"https:\/\/www.sportfreunde-wvv.de\/wp-content\/uploads\/2024\/02\/prateek-katyal-FNMztJegsSA-unsplash-1024x683-1.jpg\" alt=\"\" class=\"wp-image-183\" style=\"border-radius:40px\" srcset=\"https:\/\/www.sportfreunde-wvv.de\/wp-content\/uploads\/2024\/02\/prateek-katyal-FNMztJegsSA-unsplash-1024x683-1.jpg 1024w, https:\/\/www.sportfreunde-wvv.de\/wp-content\/uploads\/2024\/02\/prateek-katyal-FNMztJegsSA-unsplash-1024x683-1-300x200.jpg 300w, https:\/\/www.sportfreunde-wvv.de\/wp-content\/uploads\/2024\/02\/prateek-katyal-FNMztJegsSA-unsplash-1024x683-1-768x512.jpg 768w\" sizes=\"auto, (max-width: 1024px) 100vw, 1024px\" \/><\/figure>\n<\/div><\/div>\n\n\n\n<div class=\"wp-block-column is-vertically-aligned-center is-layout-flow wp-block-column-is-layout-flow\" style=\"flex-basis:40%\">\n<h3 class=\"wp-block-heading is-style-asterisk has-black-color has-text-color has-link-color wp-elements-268a1417f40492c3421e00a57023fec9\"><strong>Kontaktinformationen<\/strong>:<\/h3>\n\n\n\n<p class=\"has-black-color has-text-color has-link-color wp-elements-3c2f00de8b9ded83153f31403038c914\">Hast du Fragen, Anregungen oder m\u00f6chtest mehr \u00fcber die Boxabteilung der Sportfreunde der WVV erfahren? Wir stehen dir gerne zur Verf\u00fcgung.<\/p>\n\n\n\n<p class=\"has-black-color has-text-color has-link-color wp-elements-a92aff1cc1ed5a55ac5938b5201ced94\">E-Mail: <strong>KramoschF@web.de<\/strong><\/p>\n\n\n\n<p class=\"has-black-color has-text-color has-link-color wp-elements-053ed1095a4d11cb0dfd389736cd44f1\">Wir freuen uns darauf, von dir zu h\u00f6ren und dich bald in unserer Boxgemeinschaft willkommen zu hei\u00dfen! F\u00fcr aktuelle Neuigkeiten und Veranstaltungen folge uns auch auf unseren Social-Media-Plattformen [Links zu den Plattformen]. Boxen bei den Sportfreunden der WVV \u2013 Dein Weg zu Fitness, Gemeinschaft und pers\u00f6nlichem Erfolg!<\/p>\n<\/div>\n<\/div>\n<\/div><\/div>\n<\/div><\/div>\n\n\n\n<div class=\"wp-block-cover aligncenter is-light wp-duotone-unset-4\"><img loading=\"lazy\" decoding=\"async\" width=\"2560\" height=\"1707\" class=\"wp-block-cover__image-background wp-image-234\" alt=\"\" src=\"https:\/\/www.sportfreunde-wvv.de\/wp-content\/uploads\/2024\/04\/pexels-julia-larson-6456264-scaled.jpg\" data-object-fit=\"cover\" srcset=\"https:\/\/www.sportfreunde-wvv.de\/wp-content\/uploads\/2024\/04\/pexels-julia-larson-6456264-scaled.jpg 2560w, https:\/\/www.sportfreunde-wvv.de\/wp-content\/uploads\/2024\/04\/pexels-julia-larson-6456264-300x200.jpg 300w, https:\/\/www.sportfreunde-wvv.de\/wp-content\/uploads\/2024\/04\/pexels-julia-larson-6456264-1024x683.jpg 1024w, https:\/\/www.sportfreunde-wvv.de\/wp-content\/uploads\/2024\/04\/pexels-julia-larson-6456264-768x512.jpg 768w, https:\/\/www.sportfreunde-wvv.de\/wp-content\/uploads\/2024\/04\/pexels-julia-larson-6456264-1536x1024.jpg 1536w, https:\/\/www.sportfreunde-wvv.de\/wp-content\/uploads\/2024\/04\/pexels-julia-larson-6456264-2048x1365.jpg 2048w\" sizes=\"auto, (max-width: 2560px) 100vw, 2560px\" \/><span aria-hidden=\"true\" class=\"wp-block-cover__background has-background-dim\"><\/span><div class=\"wp-block-cover__inner-container is-layout-flow wp-block-cover-is-layout-flow\">\n<h3 class=\"wp-block-heading has-text-align-center is-style-asterisk has-palette-color-7-color has-text-color\">Spenden:<\/h3>\n\n\n\n<p class=\"has-white-color has-text-color\">F\u00fcr Sportbegeisterte, die dem WVV-Verein spenden:<br>Unsere gro\u00dfz\u00fcgigen Unterst\u00fctzerinnen und Unterst\u00fctzer zeigen nicht nur ihre Gro\u00dfz\u00fcgigkeit mit ihrer Spende, sondern auch ihr Vertrauen in unsere Arbeit.<br>Dank ihrer gro\u00dfz\u00fcgigen Spenden erm\u00f6glichen sie die Realisierung von Projekten, Ma\u00dfnahmen und Einzelf\u00f6rderungen, die ohne zus\u00e4tzliche finanzielle Mittel nicht umsetzbar w\u00e4ren.<br>Unsere engagierten ehrenamtlichen Mitarbeiterinnen und Mitarbeiter gew\u00e4hrleisten, dass sowohl Engagement als auch Spenden gezielt dort eingesetzt werden, wo sie dringend ben\u00f6tigt werden.<\/p>\n\n\n\n<p class=\"has-white-color has-text-color\"><\/p>\n\n\n\n<p class=\"has-palette-color-7-color has-text-color\">Sportfreunde der WVV e.V<br>Sparkasse Mainfranken W\u00fcrzburg<br>IBAN: DE41 7905 0000 0002 2289 48<br>BIC: BYLADEM1SWU<br>WICHTIG!!! Verwendungszweck: Spende f\u00fcr die Abteilung Boxen<\/p>\n\n\n\n<p class=\"has-text-align-center has-white-color has-text-color has-large-font-size\"><\/p>\n<\/div><\/div>\n\n\n\n<p><\/p>\n<\/div><\/div>\n\n\n\n<p><\/p>\n\n\n\n<div class=\"wp-block-group alignfull has-white-color has-black-background-color has-text-color has-background\" style=\"margin-top:0;margin-bottom:0;padding-top:var(--wp--preset--spacing--60);padding-right:var(--wp--preset--spacing--60);padding-bottom:var(--wp--preset--spacing--60);padding-left:var(--wp--preset--spacing--60)\"><div class=\"wp-block-group__inner-container is-layout-constrained wp-container-core-group-is-layout-6b0914bc wp-block-group-is-layout-constrained\">\n<div class=\"wp-block-group\"><div class=\"wp-block-group__inner-container is-layout-constrained wp-block-group-is-layout-constrained\">\n<p class=\"has-text-align-center has-base-color has-text-color has-heading-font-family has-x-large-font-size\" style=\"line-height:1.2\"> <em>\u201eUnm\u00f6glich ist nur ein gro\u00dfes Wort, das Menschen finden, um es bequem in der Welt zu haben, die sie sich gemacht haben.\u201c<\/em> <\/p>\n\n\n\n<div class=\"wp-block-group is-vertical is-content-justification-center is-nowrap is-layout-flex wp-container-core-group-is-layout-a9ff9874 wp-block-group-is-layout-flex\">\n<p class=\"has-text-align-center\" style=\"margin-top:var(--wp--preset--spacing--10);margin-bottom:0\"><em>Muhammad Ali<\/em><\/p>\n<\/div>\n<\/div><\/div>\n<\/div><\/div>\n","protected":false},"excerpt":{"rendered":"<p>Willkommen im Ring des Erfolgs! Dein Weg zu k\u00f6rperlicher Fitness, Selbstvertrauen und sportlichem Wachstum beginnt hier! Tauche ein in die Welt des Boxens, wo Kraft, Geschicklichkeit und Ausdauer aufeinandertreffen. Unser Boxverein ist nicht nur ein Ort des Trainings, sondern eine leidenschaftliche Gemeinschaft, die sich der F\u00f6rderung von Fitness, Disziplin und pers\u00f6nlichem Wachstum verschrieben hat. K\u00f6rperliche&hellip; <a class=\"more-link\" href=\"https:\/\/www.sportfreunde-wvv.de\/?page_id=11\"><span class=\"screen-reader-text\">Boxen<\/span> weiterlesen<\/a><\/p>\n","protected":false},"author":3,"featured_media":0,"parent":0,"menu_order":0,"comment_status":"closed","ping_status":"closed","template":"","meta":{"footnotes":""},"class_list":["post-11","page","type-page","status-publish","hentry","entry"],"_links":{"self":[{"href":"https:\/\/www.sportfreunde-wvv.de\/index.php?rest_route=\/wp\/v2\/pages\/11","targetHints":{"allow":["GET"]}}],"collection":[{"href":"https:\/\/www.sportfreunde-wvv.de\/index.php?rest_route=\/wp\/v2\/pages"}],"about":[{"href":"https:\/\/www.sportfreunde-wvv.de\/index.php?rest_route=\/wp\/v2\/types\/page"}],"author":[{"embeddable":true,"href":"https:\/\/www.sportfreunde-wvv.de\/index.php?rest_route=\/wp\/v2\/users\/3"}],"replies":[{"embeddable":true,"href":"https:\/\/www.sportfreunde-wvv.de\/index.php?rest_route=%2Fwp%2Fv2%2Fcomments&post=11"}],"version-history":[{"count":26,"href":"https:\/\/www.sportfreunde-wvv.de\/index.php?rest_route=\/wp\/v2\/pages\/11\/revisions"}],"predecessor-version":[{"id":303,"href":"https:\/\/www.sportfreunde-wvv.de\/index.php?rest_route=\/wp\/v2\/pages\/11\/revisions\/303"}],"wp:attachment":[{"href":"https:\/\/www.sportfreunde-wvv.de\/index.php?rest_route=%2Fwp%2Fv2%2Fmedia&parent=11"}],"curies":[{"name":"wp","href":"https:\/\/api.w.org\/{rel}","templated":true}]}}