{"id":106,"date":"2023-07-27T10:02:26","date_gmt":"2023-07-27T10:02:26","guid":{"rendered":"https:\/\/www.sportfreunde-wvv.de\/?page_id=106"},"modified":"2023-07-27T11:14:32","modified_gmt":"2023-07-27T11:14:32","slug":"startseite-2","status":"publish","type":"page","link":"https:\/\/www.sportfreunde-wvv.de\/","title":{"rendered":"Willkommen bei den Sportfreunden der WVV"},"content":{"rendered":"\n<div class=\"wp-block-columns is-layout-flex wp-container-core-columns-is-layout-9d6595d7 wp-block-columns-is-layout-flex\">\n<div class=\"wp-block-column is-layout-flow wp-block-column-is-layout-flow\" style=\"flex-basis:33.33%\">\n<p class=\"has-text-align-left\">St\u00f6bere durch unsere breite Palette von Sportarten und Disziplinen, von Fu\u00dfball \u00fcber Bogensport bis hin zu Tennis und vielen weiteren. Wir halten dich auf dem Laufenden \u00fcber die aktuellen Ereignisse und Informationen unserer Abteilungen.<\/p>\n\n\n\n<div style=\"height:100px\" aria-hidden=\"true\" class=\"wp-block-spacer\"><\/div>\n\n\n\n<blockquote class=\"wp-block-quote is-layout-flow wp-block-quote-is-layout-flow\">\n<p class=\"has-text-align-center\">Wir danken dir herzlich f\u00fcr dein Interesse an unserer Seite und freuen uns darauf, dich auch pers\u00f6nlich kennen zu lernen.<\/p>\n<\/blockquote>\n<\/div>\n\n\n\n<div class=\"wp-block-column is-layout-flow wp-block-column-is-layout-flow\" style=\"flex-basis:66.66%\"><div class=\"wp-block-image\">\n<figure class=\"alignright size-full\"><img loading=\"lazy\" decoding=\"async\" width=\"640\" height=\"480\" src=\"https:\/\/www.sportfreunde-wvv.de\/wp-content\/uploads\/2023\/07\/tram_Small.jpg\" alt=\"\" class=\"wp-image-129\" srcset=\"https:\/\/www.sportfreunde-wvv.de\/wp-content\/uploads\/2023\/07\/tram_Small.jpg 640w, https:\/\/www.sportfreunde-wvv.de\/wp-content\/uploads\/2023\/07\/tram_Small-300x225.jpg 300w\" sizes=\"auto, (max-width: 640px) 100vw, 640px\" \/><\/figure>\n<\/div><\/div>\n<\/div>\n\n\n\n<p><\/p>\n","protected":false},"excerpt":{"rendered":"<p>St\u00f6bere durch unsere breite Palette von Sportarten und Disziplinen, von Fu\u00dfball \u00fcber Bogensport bis hin zu Tennis und vielen weiteren. Wir halten dich auf dem Laufenden \u00fcber die aktuellen Ereignisse und Informationen unserer Abteilungen. Wir danken dir herzlich f\u00fcr dein Interesse an unserer Seite und freuen uns darauf, dich auch pers\u00f6nlich kennen zu lernen.<\/p>\n","protected":false},"author":2,"featured_media":0,"parent":0,"menu_order":0,"comment_status":"closed","ping_status":"closed","template":"","meta":{"footnotes":""},"class_list":["post-106","page","type-page","status-publish","hentry","entry"],"_links":{"self":[{"href":"https:\/\/www.sportfreunde-wvv.de\/index.php?rest_route=\/wp\/v2\/pages\/106","targetHints":{"allow":["GET"]}}],"collection":[{"href":"https:\/\/www.sportfreunde-wvv.de\/index.php?rest_route=\/wp\/v2\/pages"}],"about":[{"href":"https:\/\/www.sportfreunde-wvv.de\/index.php?rest_route=\/wp\/v2\/types\/page"}],"author":[{"embeddable":true,"href":"https:\/\/www.sportfreunde-wvv.de\/index.php?rest_route=\/wp\/v2\/users\/2"}],"replies":[{"embeddable":true,"href":"https:\/\/www.sportfreunde-wvv.de\/index.php?rest_route=%2Fwp%2Fv2%2Fcomments&post=106"}],"version-history":[{"count":3,"href":"https:\/\/www.sportfreunde-wvv.de\/index.php?rest_route=\/wp\/v2\/pages\/106\/revisions"}],"predecessor-version":[{"id":132,"href":"https:\/\/www.sportfreunde-wvv.de\/index.php?rest_route=\/wp\/v2\/pages\/106\/revisions\/132"}],"wp:attachment":[{"href":"https:\/\/www.sportfreunde-wvv.de\/index.php?rest_route=%2Fwp%2Fv2%2Fmedia&parent=106"}],"curies":[{"name":"wp","href":"https:\/\/api.w.org\/{rel}","templated":true}]}}